{"id":407,"date":"2019-11-11T08:33:51","date_gmt":"2019-11-11T08:33:51","guid":{"rendered":"https:\/\/demo.casethemes.net\/consultio-corporate1\/?page_id=407"},"modified":"2019-11-11T08:33:51","modified_gmt":"2019-11-11T08:33:51","slug":"services-v-1","status":"publish","type":"page","link":"https:\/\/credexconsorcios.com.br\/?page_id=407","title":{"rendered":"Services v.1"},"content":{"rendered":"\t\t<div data-elementor-type=\"wp-page\" data-elementor-id=\"407\" class=\"elementor elementor-407\" data-elementor-post-type=\"page\">\n\t\t\t\t        <section class=\"elementor-section elementor-top-section elementor-element elementor-element-f019bad elementor-section-content-middle elementor-section-boxed elementor-section-height-default elementor-section-height-default ct-header-fixed-none ct-row-max-none\" data-id=\"f019bad\" data-element_type=\"section\" data-e-type=\"section\">\n            \n                        <div class=\"elementor-container elementor-column-gap-extended \">\n                    <div class=\"elementor-column elementor-col-50 elementor-top-column elementor-element elementor-element-5ce29c2\" data-id=\"5ce29c2\" data-element_type=\"column\" data-e-type=\"column\">\n        <div class=\"elementor-widget-wrap elementor-element-populated\">\n                    \n        \t\t<div class=\"elementor-element elementor-element-d3b6aca elementor-widget elementor-widget-ct_heading\" data-id=\"d3b6aca\" data-element_type=\"widget\" data-e-type=\"widget\" data-widget_type=\"ct_heading.default\">\n\t\t\t\t<div class=\"elementor-widget-container\">\n\t\t\t\t\t<div id=\"ct_heading-d3b6aca\" class=\"ct-heading h-align- sub-style1 ct-heading-left item-st-default\">\r\n\t<div class=\"ct-item--inner\">\r\n        <div class=\"ct-inline-css\"  data-css=\"\r\n            \">\r\n        <\/div>\r\n            \t\t<div class=\"item--sub-title style1 show-line\">\r\n                                                Services                                                            <\/div>\r\n    \t        <h3 class=\"item--title st-default case-animate-time\" data-wow-delay=\"ms\">\r\n                        <span class=\"sp-main\">\r\n                \r\n                We position our clients at the forefront of their field by advancing an agenda.\r\n                \r\n                            <\/span>\r\n                    <\/h3>\r\n    <\/div>\r\n<\/div>\t\t\t\t<\/div>\n\t\t\t\t<\/div>\n\t\t            <\/div>\n        <\/div>\n                <div class=\"elementor-column elementor-col-50 elementor-top-column elementor-element elementor-element-877c444\" data-id=\"877c444\" data-element_type=\"column\" data-e-type=\"column\">\n        <div class=\"elementor-widget-wrap elementor-element-populated\">\n                    \n        \t\t<div class=\"elementor-element elementor-element-8a619a7 elementor-widget elementor-widget-text-editor\" data-id=\"8a619a7\" data-element_type=\"widget\" data-e-type=\"widget\" data-widget_type=\"text-editor.default\">\n\t\t\t\t<div class=\"elementor-widget-container\">\n\t\t\t\t\t\t\t\t\tEasily apply to multiple jobs with one click! Quick Apply shows you recommended jobs based off your most recent search and allows you to apply to 25+ jobs in a matter of seconds!\t\t\t\t\t\t\t\t<\/div>\n\t\t\t\t<\/div>\n\t\t            <\/div>\n        <\/div>\n                    <\/div>\n        <\/section>\n                <section class=\"elementor-section elementor-top-section elementor-element elementor-element-7d640f1 elementor-section-boxed elementor-section-height-default elementor-section-height-default ct-header-fixed-none ct-row-max-none\" data-id=\"7d640f1\" data-element_type=\"section\" data-e-type=\"section\">\n            \n                        <div class=\"elementor-container elementor-column-gap-extended \">\n                    <div class=\"elementor-column elementor-col-100 elementor-top-column elementor-element elementor-element-1e2ce89\" data-id=\"1e2ce89\" data-element_type=\"column\" data-e-type=\"column\">\n        <div class=\"elementor-widget-wrap elementor-element-populated\">\n                    \n        \t\t<div class=\"elementor-element elementor-element-16d5b63 elementor-widget elementor-widget-ct_service_grid\" data-id=\"16d5b63\" data-element_type=\"widget\" data-e-type=\"widget\" data-widget_type=\"ct_service_grid.default\">\n\t\t\t\t<div class=\"elementor-widget-container\">\n\t\t\t\t\t\r\n<div id=\"ct_service_grid-16d5b63\" class=\"ct-grid ct-service-grid1\" data-layout=\"masonry\" data-start-page=\"1\" data-max-pages=\"1\" data-total=\"5\" data-perpage=\"6\" data-next-link=\"\">\r\n    <div class=\"ct-grid-overlay\"><\/div>\r\n    \r\n    <div class=\"ct-grid-inner ct-grid-masonry row animate-time\" data-gutter=\"15\">\r\n                            <div class=\"grid-item col-xl-4 col-lg-4 col-md-6 col-sm-6 col-12 corporate\">\r\n                        <div class=\"grid-item-inner wow fadeIn active-featured\">\r\n                            <div class=\"grid-item-over\">\r\n                                <div class=\"item--featured\">\r\n                                    <img fetchpriority=\"high\" decoding=\"async\" class=\"disable-lazy no-lazyload \" src=\"https:\/\/credexconsorcios.com.br\/wp-content\/uploads\/2020\/03\/O-consorcio-pode-ser-visto-como-uma-compra-segura-541x417.jpg\" width=\"541\" height=\"417\" alt=\"O-cons\u00f3rcio-pode-ser-visto-como-uma-compra-segura\" title=\"O-cons\u00f3rcio-pode-ser-visto-como-uma-compra-segura\" \/>                                <\/div>\r\n                                <div class=\"item--holder\">\r\n                                    <div class=\"item--holder-inner\">\r\n                                                                                    <div class=\"item--icon\"><i class=\"text-gradient flaticon-eye\"><\/i><\/div>\r\n                                        \r\n                                                                                                                            <h3 class=\"item--title\">Cons\u00f3rcio de Carros<\/h3>\r\n                                                                                <div class=\"item--gap\"><\/div>\r\n                                                                                    <div class=\"item--content\">\r\n                                                Facilidade e flexibilidade para conquistar o seu carro novo, seminovo ou usado                                            <\/div>\r\n                                                                                                                            <div class=\"item--icon-abs\"><i class=\"text-gradient flaticon-eye\"><\/i><\/div>\r\n                                                                            <\/div>\r\n                                <\/div>\r\n                                <div class=\"item--meta\">\r\n                                                                            <h3 class=\"item--title\">\r\n                                                                                            <a target=\"\" href=\"https:\/\/credexconsorcios.com.br\/?service=tax-consulting\">Cons\u00f3rcio de Carros<\/a>\r\n                                                                                    <\/h3>\r\n                                                                                                                <div class=\"item--readmore\">\r\n                                                                                            <a class=\"more-plus\" target=\"\" href=\"https:\/\/credexconsorcios.com.br\/?service=tax-consulting\">+<\/a>\r\n                                                                                    <\/div>\r\n                                                                                                        <\/div>\r\n                            <\/div>\r\n                        <\/div>\r\n                    <\/div>\r\n                                <div class=\"grid-item col-xl-4 col-lg-4 col-md-6 col-sm-6 col-12 corporate\">\r\n                        <div class=\"grid-item-inner wow fadeIn active-featured\">\r\n                            <div class=\"grid-item-over\">\r\n                                <div class=\"item--featured\">\r\n                                    <img decoding=\"async\" class=\"disable-lazy no-lazyload \" src=\"https:\/\/credexconsorcios.com.br\/wp-content\/uploads\/2020\/03\/images-11.jpg\" width=\"297\" height=\"170\" alt=\"images (11)\" title=\"images (11)\" \/>                                <\/div>\r\n                                <div class=\"item--holder\">\r\n                                    <div class=\"item--holder-inner\">\r\n                                                                                    <div class=\"item--icon\"><i class=\"text-gradient flaticon-document\"><\/i><\/div>\r\n                                        \r\n                                                                                                                            <h3 class=\"item--title\">Cons\u00f3rcio de Pesados<\/h3>\r\n                                                                                <div class=\"item--gap\"><\/div>\r\n                                                                                    <div class=\"item--content\">\r\n                                                Amplie o faturamento do seu neg\u00f3cio realizando um Cons\u00f3rcio de Ve\u00edculos Pesados                                            <\/div>\r\n                                                                                                                            <div class=\"item--icon-abs\"><i class=\"text-gradient flaticon-document\"><\/i><\/div>\r\n                                                                            <\/div>\r\n                                <\/div>\r\n                                <div class=\"item--meta\">\r\n                                                                            <h3 class=\"item--title\">\r\n                                                                                            <a target=\"\" href=\"https:\/\/credexconsorcios.com.br\/?service=fund-transfer\">Cons\u00f3rcio de Pesados<\/a>\r\n                                                                                    <\/h3>\r\n                                                                                                                <div class=\"item--readmore\">\r\n                                                                                            <a class=\"more-plus\" target=\"\" href=\"https:\/\/credexconsorcios.com.br\/?service=fund-transfer\">+<\/a>\r\n                                                                                    <\/div>\r\n                                                                                                        <\/div>\r\n                            <\/div>\r\n                        <\/div>\r\n                    <\/div>\r\n                                <div class=\"grid-item col-xl-4 col-lg-4 col-md-6 col-sm-6 col-12 corporate\">\r\n                        <div class=\"grid-item-inner wow fadeIn active-featured\">\r\n                            <div class=\"grid-item-over\">\r\n                                <div class=\"item--featured\">\r\n                                    <img decoding=\"async\" class=\"disable-lazy no-lazyload \" src=\"https:\/\/credexconsorcios.com.br\/wp-content\/uploads\/2020\/03\/images-17.jpg\" width=\"283\" height=\"178\" alt=\"images (17)\" title=\"images (17)\" \/>                                <\/div>\r\n                                <div class=\"item--holder\">\r\n                                    <div class=\"item--holder-inner\">\r\n                                                                                    <div class=\"item--icon\"><i class=\"text-gradient flaticon-presentation\"><\/i><\/div>\r\n                                        \r\n                                                                                                                            <h3 class=\"item--title\">Cons\u00f3rcio de Servi\u00e7os<\/h3>\r\n                                                                                <div class=\"item--gap\"><\/div>\r\n                                                                                    <div class=\"item--content\">\r\n                                                Festa de anivers\u00e1rio, casamento, viagem...? A sua experi\u00eancia incr\u00edvel est\u00e1 a um clique                                            <\/div>\r\n                                                                                                                            <div class=\"item--icon-abs\"><i class=\"text-gradient flaticon-presentation\"><\/i><\/div>\r\n                                                                            <\/div>\r\n                                <\/div>\r\n                                <div class=\"item--meta\">\r\n                                                                            <h3 class=\"item--title\">\r\n                                                                                            <a target=\"\" href=\"https:\/\/credexconsorcios.com.br\/?service=business-planning\">Cons\u00f3rcio de Servi\u00e7os<\/a>\r\n                                                                                    <\/h3>\r\n                                                                                                                <div class=\"item--readmore\">\r\n                                                                                            <a class=\"more-plus\" target=\"\" href=\"https:\/\/credexconsorcios.com.br\/?service=business-planning\">+<\/a>\r\n                                                                                    <\/div>\r\n                                                                                                        <\/div>\r\n                            <\/div>\r\n                        <\/div>\r\n                    <\/div>\r\n                                <div class=\"grid-item col-xl-4 col-lg-4 col-md-6 col-sm-6 col-12 corporate\">\r\n                        <div class=\"grid-item-inner wow fadeIn active-featured\">\r\n                            <div class=\"grid-item-over\">\r\n                                <div class=\"item--featured\">\r\n                                    <img loading=\"lazy\" decoding=\"async\" class=\"disable-lazy no-lazyload \" src=\"https:\/\/credexconsorcios.com.br\/wp-content\/uploads\/2020\/03\/images-18.jpg\" width=\"273\" height=\"185\" alt=\"images (18)\" title=\"images (18)\" \/>                                <\/div>\r\n                                <div class=\"item--holder\">\r\n                                    <div class=\"item--holder-inner\">\r\n                                                                                    <div class=\"item--icon\"><i class=\"text-gradient flaticon-diagram\"><\/i><\/div>\r\n                                        \r\n                                                                                                                            <h3 class=\"item--title\">Cons\u00f3rcio de Imoveis<\/h3>\r\n                                                                                <div class=\"item--gap\"><\/div>\r\n                                                                                    <div class=\"item--content\">\r\n                                                Um lugar pra chamar de seu com planejamento s\u00e9rio, livre de juros e entrada                                            <\/div>\r\n                                                                                                                            <div class=\"item--icon-abs\"><i class=\"text-gradient flaticon-diagram\"><\/i><\/div>\r\n                                                                            <\/div>\r\n                                <\/div>\r\n                                <div class=\"item--meta\">\r\n                                                                            <h3 class=\"item--title\">\r\n                                                                                            <a target=\"\" href=\"https:\/\/credexconsorcios.com.br\/?service=market-research\">Cons\u00f3rcio de Imoveis<\/a>\r\n                                                                                    <\/h3>\r\n                                                                                                                <div class=\"item--readmore\">\r\n                                                                                            <a class=\"more-plus\" target=\"\" href=\"https:\/\/credexconsorcios.com.br\/?service=market-research\">+<\/a>\r\n                                                                                    <\/div>\r\n                                                                                                        <\/div>\r\n                            <\/div>\r\n                        <\/div>\r\n                    <\/div>\r\n                                <div class=\"grid-item col-xl-4 col-lg-4 col-md-6 col-sm-6 col-12 corporate\">\r\n                        <div class=\"grid-item-inner wow fadeIn active-featured\">\r\n                            <div class=\"grid-item-over\">\r\n                                <div class=\"item--featured\">\r\n                                    <img loading=\"lazy\" decoding=\"async\" class=\"disable-lazy no-lazyload \" src=\"https:\/\/credexconsorcios.com.br\/wp-content\/uploads\/2020\/03\/images-10.jpg\" width=\"261\" height=\"193\" alt=\"images (10)\" title=\"images (10)\" \/>                                <\/div>\r\n                                <div class=\"item--holder\">\r\n                                    <div class=\"item--holder-inner\">\r\n                                                                                    <div class=\"item--icon\"><i class=\"text-gradient flaticon-chart\"><\/i><\/div>\r\n                                        \r\n                                                                                                                            <h3 class=\"item--title\">Cons\u00f3rcio de Motos<\/h3>\r\n                                                                                <div class=\"item--gap\"><\/div>\r\n                                                                                    <div class=\"item--content\">\r\n                                                Planos que se encaixam no seu or\u00e7amento para conquistar a moto dos sonhos                                            <\/div>\r\n                                                                                                                            <div class=\"item--icon-abs\"><i class=\"text-gradient flaticon-chart\"><\/i><\/div>\r\n                                                                            <\/div>\r\n                                <\/div>\r\n                                <div class=\"item--meta\">\r\n                                                                            <h3 class=\"item--title\">\r\n                                                                                            <a target=\"\" href=\"https:\/\/credexconsorcios.com.br\/?service=seo-optimization\">Cons\u00f3rcio de Motos<\/a>\r\n                                                                                    <\/h3>\r\n                                                                                                                <div class=\"item--readmore\">\r\n                                                                                            <a class=\"more-plus\" target=\"\" href=\"https:\/\/credexconsorcios.com.br\/?service=seo-optimization\">+<\/a>\r\n                                                                                    <\/div>\r\n                                                                                                        <\/div>\r\n                            <\/div>\r\n                        <\/div>\r\n                    <\/div>\r\n                                <div class=\"grid-sizer col-xl-4 col-lg-4 col-md-6 col-sm-6 col-12\"><\/div>\r\n            <\/div>\r\n        <\/div>\t\t\t\t<\/div>\n\t\t\t\t<\/div>\n\t\t            <\/div>\n        <\/div>\n                    <\/div>\n        <\/section>\n                <section class=\"elementor-section elementor-top-section elementor-element elementor-element-2b5b5683 elementor-section-boxed elementor-section-height-default elementor-section-height-default ct-header-fixed-none ct-row-max-none\" data-id=\"2b5b5683\" data-element_type=\"section\" data-e-type=\"section\">\n            \n                        <div class=\"elementor-container elementor-column-gap-extended \">\n                    <div class=\"elementor-column elementor-col-100 elementor-top-column elementor-element elementor-element-4106b489\" data-id=\"4106b489\" data-element_type=\"column\" data-e-type=\"column\">\n        <div class=\"elementor-widget-wrap elementor-element-populated\">\n                    \n        \t\t<div class=\"elementor-element elementor-element-5b8ee2df elementor-widget elementor-widget-ct_clients_list\" data-id=\"5b8ee2df\" data-element_type=\"widget\" data-e-type=\"widget\" data-widget_type=\"ct_clients_list.default\">\n\t\t\t\t<div class=\"elementor-widget-container\">\n\t\t\t\t\t    <div class=\"ct-client1 ct-slick-slider style1\">\r\n        <div class=\"ct-clients-list-inner\">\r\n            <div class=\"ct-slick-carousel\" data-arrows=\"\" data-dots=\"\" data-pauseOnHover=\"\" data-autoplay=\"true\" data-autoplaySpeed=\"8000\" data-infinite=\"true\" data-speed=\"800\" data-colxs=\"2\" data-colsm=\"3\" data-colmd=\"4\" data-collg=\"4\" data-colxl=\"4\" data-dir=\"false\" data-slidesToScroll=\"1\">\r\n                                        <div class=\"slick-slide\">\r\n                            <div class=\"client-image wow zoomIn\">\r\n                                <a href=\"#\">\r\n                                    <img loading=\"lazy\" decoding=\"async\" width=\"169\" height=\"35\" src=\"https:\/\/credexconsorcios.com.br\/wp-content\/uploads\/2019\/11\/client-01.png\" class=\"ct-thumb-1 attachment-full\" alt=\"\" \/>                                                                    <\/a>\r\n                            <\/div>\r\n                        <\/div>\r\n                                                            <div class=\"slick-slide\">\r\n                            <div class=\"client-image wow zoomIn\">\r\n                                <a href=\"#\">\r\n                                    <img loading=\"lazy\" decoding=\"async\" width=\"143\" height=\"42\" src=\"https:\/\/credexconsorcios.com.br\/wp-content\/uploads\/2019\/11\/client-02.png\" class=\"ct-thumb-1 attachment-full\" alt=\"\" \/>                                                                    <\/a>\r\n                            <\/div>\r\n                        <\/div>\r\n                                                            <div class=\"slick-slide\">\r\n                            <div class=\"client-image wow zoomIn\">\r\n                                <a href=\"#\">\r\n                                    <img loading=\"lazy\" decoding=\"async\" width=\"166\" height=\"38\" src=\"https:\/\/credexconsorcios.com.br\/wp-content\/uploads\/2019\/11\/client-03.png\" class=\"ct-thumb-1 attachment-full\" alt=\"\" \/>                                                                    <\/a>\r\n                            <\/div>\r\n                        <\/div>\r\n                                                            <div class=\"slick-slide\">\r\n                            <div class=\"client-image wow zoomIn\">\r\n                                <a href=\"#\">\r\n                                    <img loading=\"lazy\" decoding=\"async\" width=\"170\" height=\"35\" src=\"https:\/\/credexconsorcios.com.br\/wp-content\/uploads\/2019\/11\/client-04.png\" class=\"ct-thumb-1 attachment-full\" alt=\"\" \/>                                                                    <\/a>\r\n                            <\/div>\r\n                        <\/div>\r\n                                                            <div class=\"slick-slide\">\r\n                            <div class=\"client-image wow zoomIn\">\r\n                                <a href=\"#\">\r\n                                    <img loading=\"lazy\" decoding=\"async\" width=\"196\" height=\"36\" src=\"https:\/\/credexconsorcios.com.br\/wp-content\/uploads\/2019\/12\/client-05.png\" class=\"ct-thumb-1 attachment-full\" alt=\"\" \/>                                                                    <\/a>\r\n                            <\/div>\r\n                        <\/div>\r\n                                                <\/div>\r\n        <\/div>\r\n    <\/div>\r\n\t\t\t\t<\/div>\n\t\t\t\t<\/div>\n\t\t            <\/div>\n        <\/div>\n                    <\/div>\n        <\/section>\n        \t\t<\/div>\n\t\t","protected":false},"excerpt":{"rendered":"<p>Services We position our clients at the forefront of their field by advancing an agenda. Easily apply to multiple jobs with one click! Quick Apply shows you recommended jobs based off your most recent search and allows you to apply to 25+ jobs in a matter of seconds! Tax Consulting Save money on insurance with [&hellip;]<\/p>\n","protected":false},"author":1,"featured_media":0,"parent":0,"menu_order":0,"comment_status":"closed","ping_status":"closed","template":"","meta":{"footnotes":""},"class_list":["post-407","page","type-page","status-publish","hentry"],"_links":{"self":[{"href":"https:\/\/credexconsorcios.com.br\/index.php?rest_route=\/wp\/v2\/pages\/407","targetHints":{"allow":["GET"]}}],"collection":[{"href":"https:\/\/credexconsorcios.com.br\/index.php?rest_route=\/wp\/v2\/pages"}],"about":[{"href":"https:\/\/credexconsorcios.com.br\/index.php?rest_route=\/wp\/v2\/types\/page"}],"author":[{"embeddable":true,"href":"https:\/\/credexconsorcios.com.br\/index.php?rest_route=\/wp\/v2\/users\/1"}],"replies":[{"embeddable":true,"href":"https:\/\/credexconsorcios.com.br\/index.php?rest_route=%2Fwp%2Fv2%2Fcomments&post=407"}],"version-history":[{"count":0,"href":"https:\/\/credexconsorcios.com.br\/index.php?rest_route=\/wp\/v2\/pages\/407\/revisions"}],"wp:attachment":[{"href":"https:\/\/credexconsorcios.com.br\/index.php?rest_route=%2Fwp%2Fv2%2Fmedia&parent=407"}],"curies":[{"name":"wp","href":"https:\/\/api.w.org\/{rel}","templated":true}]}}